{"id":686,"date":"2021-02-23T14:55:29","date_gmt":"2021-02-23T13:55:29","guid":{"rendered":"http:\/\/handbok.lifebridgingthegap.se\/?page_id=686"},"modified":"2021-04-14T08:34:07","modified_gmt":"2021-04-14T07:34:07","slug":"om","status":"publish","type":"page","link":"https:\/\/handbok.lifebridgingthegap.se\/om\/","title":{"rendered":"Om"},"content":{"rendered":"\t\t<div data-elementor-type=\"wp-page\" data-elementor-id=\"686\" class=\"elementor elementor-686\">\n\t\t\t\t\t\t<div class=\"elementor-inner\">\n\t\t\t\t<div class=\"elementor-section-wrap\">\n\t\t\t\t\t\t\t\t\t<section class=\"elementor-section elementor-top-section elementor-element elementor-element-a7de246 animated-slow elementor-section-boxed elementor-section-height-default elementor-section-height-default elementor-invisible\" data-id=\"a7de246\" data-element_type=\"section\" data-settings=\"{&quot;animation&quot;:&quot;fadeInUp&quot;}\">\n\t\t\t\t\t\t<div class=\"elementor-container elementor-column-gap-default\">\n\t\t\t\t\t\t\t<div class=\"elementor-row\">\n\t\t\t\t\t<div class=\"elementor-column elementor-col-33 elementor-top-column elementor-element elementor-element-cce59c8\" data-id=\"cce59c8\" data-element_type=\"column\">\n\t\t\t<div class=\"elementor-column-wrap\">\n\t\t\t\t\t\t\t<div class=\"elementor-widget-wrap\">\n\t\t\t\t\t\t\t\t<\/div>\n\t\t\t\t\t<\/div>\n\t\t<\/div>\n\t\t\t\t<div class=\"elementor-column elementor-col-33 elementor-top-column elementor-element elementor-element-6108fa1\" data-id=\"6108fa1\" data-element_type=\"column\">\n\t\t\t<div class=\"elementor-column-wrap elementor-element-populated\">\n\t\t\t\t\t\t\t<div class=\"elementor-widget-wrap\">\n\t\t\t\t\t\t<div class=\"elementor-element elementor-element-313b9b3 elementor-widget elementor-widget-text-editor\" data-id=\"313b9b3\" data-element_type=\"widget\" data-widget_type=\"text-editor.default\">\n\t\t\t\t<div class=\"elementor-widget-container\">\n\t\t\t\t\t\t\t\t<div class=\"elementor-text-editor elementor-clearfix\">\n\t\t\t\t<h1>LIFE \u2013 Bridging the Gap<\/h1>\nEtt projekt f\u00f6r att bevara (och sammanl\u00e4nka) Sveriges unika eklandskap\t\t\t\t\t<\/div>\n\t\t\t\t\t\t<\/div>\n\t\t\t\t<\/div>\n\t\t\t\t<div class=\"elementor-element elementor-element-112a632 elementor-widget-divider--view-line elementor-widget elementor-widget-divider\" data-id=\"112a632\" data-element_type=\"widget\" data-widget_type=\"divider.default\">\n\t\t\t\t<div class=\"elementor-widget-container\">\n\t\t\t\t\t<div class=\"elementor-divider\">\n\t\t\t<span class=\"elementor-divider-separator\">\n\t\t\t\t\t\t<\/span>\n\t\t<\/div>\n\t\t\t\t<\/div>\n\t\t\t\t<\/div>\n\t\t\t\t<section class=\"elementor-section elementor-inner-section elementor-element elementor-element-e0bc408 elementor-section-boxed elementor-section-height-default elementor-section-height-default\" data-id=\"e0bc408\" data-element_type=\"section\">\n\t\t\t\t\t\t<div class=\"elementor-container elementor-column-gap-no\">\n\t\t\t\t\t\t\t<div class=\"elementor-row\">\n\t\t\t\t\t<div class=\"elementor-column elementor-col-50 elementor-inner-column elementor-element elementor-element-ce7811a\" data-id=\"ce7811a\" data-element_type=\"column\">\n\t\t\t<div class=\"elementor-column-wrap elementor-element-populated\">\n\t\t\t\t\t\t\t<div class=\"elementor-widget-wrap\">\n\t\t\t\t\t\t<div class=\"elementor-element elementor-element-3705317 elementor-widget elementor-widget-text-editor\" data-id=\"3705317\" data-element_type=\"widget\" data-widget_type=\"text-editor.default\">\n\t\t\t\t<div class=\"elementor-widget-container\">\n\t\t\t\t\t\t\t\t<div class=\"elementor-text-editor elementor-clearfix\">\n\t\t\t\t<p>Ekar kan bli oerh\u00f6rt gamla och dess landskap bidrar till unika livsmilj\u00f6er f\u00f6r m\u00e4ngder av andra arter. Eklandskapet har f\u00e5, eller inga motsvarigheter. I Sverige har vi fortfarande ett levande och till stor del sammanl\u00e4nkat eklandskap, \u00e4ven om flera analyser visar det minskat kraftigt under m\u00e5nga \u00e5r.<\/p><p>N\u00e4r tidigare betade ekhagmarker \u00f6verges v\u00e4xer markerna igen. S\u00e5 sm\u00e5ningom blir markerna s\u00e5 m\u00f6rka att de arter som finns d\u00e4r flyttar eller d\u00f6r ut. Det g\u00f6r i sin tur att \u00e4ven ekarna d\u00f6r. Urbanisering kan ocks\u00e5 vara ett hot mot ekmilj\u00f6er d\u00e5 st\u00e4der v\u00e4xer.\u00a0\u00a0<\/p><p>\u00a0<\/p>\t\t\t\t\t<\/div>\n\t\t\t\t\t\t<\/div>\n\t\t\t\t<\/div>\n\t\t\t\t\t\t<\/div>\n\t\t\t\t\t<\/div>\n\t\t<\/div>\n\t\t\t\t<div class=\"elementor-column elementor-col-50 elementor-inner-column elementor-element elementor-element-476818d\" data-id=\"476818d\" data-element_type=\"column\">\n\t\t\t<div class=\"elementor-column-wrap elementor-element-populated\">\n\t\t\t\t\t\t\t<div class=\"elementor-widget-wrap\">\n\t\t\t\t\t\t<div class=\"elementor-element elementor-element-3094708 elementor-widget elementor-widget-image\" data-id=\"3094708\" data-element_type=\"widget\" data-widget_type=\"image.default\">\n\t\t\t\t<div class=\"elementor-widget-container\">\n\t\t\t\t\t\t\t\t<div class=\"elementor-image\">\n\t\t\t\t\t\t\t\t\t\t\t\t<img width=\"1024\" height=\"901\" src=\"https:\/\/handbok.lifebridgingthegap.se\/wp-content\/uploads\/2021\/02\/kossor-ekbacke-1024x901.jpg\" class=\"attachment-large size-large\" alt=\"Betande kossor i ekhage\" loading=\"lazy\" srcset=\"https:\/\/handbok.lifebridgingthegap.se\/wp-content\/uploads\/2021\/02\/kossor-ekbacke-1024x901.jpg 1024w, https:\/\/handbok.lifebridgingthegap.se\/wp-content\/uploads\/2021\/02\/kossor-ekbacke-600x528.jpg 600w, https:\/\/handbok.lifebridgingthegap.se\/wp-content\/uploads\/2021\/02\/kossor-ekbacke-768x676.jpg 768w, https:\/\/handbok.lifebridgingthegap.se\/wp-content\/uploads\/2021\/02\/kossor-ekbacke-1536x1352.jpg 1536w, https:\/\/handbok.lifebridgingthegap.se\/wp-content\/uploads\/2021\/02\/kossor-ekbacke.jpg 2045w\" sizes=\"(max-width: 1024px) 100vw, 1024px\" \/>\t\t\t\t\t\t\t\t\t\t\t\t\t\t<\/div>\n\t\t\t\t\t\t<\/div>\n\t\t\t\t<\/div>\n\t\t\t\t\t\t<\/div>\n\t\t\t\t\t<\/div>\n\t\t<\/div>\n\t\t\t\t\t\t\t\t<\/div>\n\t\t\t\t\t<\/div>\n\t\t<\/section>\n\t\t\t\t<div class=\"elementor-element elementor-element-2286a80 elementor-widget elementor-widget-text-editor\" data-id=\"2286a80\" data-element_type=\"widget\" data-widget_type=\"text-editor.default\">\n\t\t\t\t<div class=\"elementor-widget-container\">\n\t\t\t\t\t\t\t\t<div class=\"elementor-text-editor elementor-clearfix\">\n\t\t\t\t<p>Vi beh\u00f6ver nu se till att det unika eklandskap som finns kvar bevaras, f\u00f6rst\u00e4rks och forts\u00e4tter h\u00e4nga ihop. Inom f\u00f6rvaltningen av naturreservat har L\u00e4nsstyrelser och kommuner tillsammans med mark\u00e4gare och djurh\u00e5llare under l\u00e5ng tid arbetat med att frihugga gamla ekar samt \u00f6ppna upp och restaurera tidigare betade ekhagmarker \u2013\u00a0s\u00e5 att betesdjuren \u00e5terigen h\u00e4vdar dessa.\u00a0<\/p><p>Med LIFE \u2013\u00a0Bridging the Gap vill vi ta denna f\u00f6rvaltning ett steg vidare. Vi vill lyfta blicken och p\u00e5b\u00f6rja det viktiga arbetet med att f\u00e5 dessa v\u00e4rdefulla omr\u00e5den att h\u00e4nga ihop i ett landskapsperspektiv och utveckla l\u00f6sningar f\u00f6r arbetet fram\u00e5t. Det handlar till exempel om att fundera p\u00e5 n\u00e4r det faktiskt kan vara l\u00e4mpligt att arbeta med planteringar och hur veteranisering och mulmholkar kan anv\u00e4ndas f\u00f6r att \u00f6verbrygga \u00e5ldersglappet.<\/p><p>I den h\u00e4r handboken beskriver och ber\u00e4ttar vi om de \u00e5tg\u00e4rder vi har genomf\u00f6rt inom projektet, tillsammans med v\u00e5ra tankar och utvecklingsid\u00e9er f\u00f6r ett fortsatt levande eklandskap.<\/p>\t\t\t\t\t<\/div>\n\t\t\t\t\t\t<\/div>\n\t\t\t\t<\/div>\n\t\t\t\t\t\t<\/div>\n\t\t\t\t\t<\/div>\n\t\t<\/div>\n\t\t\t\t<div class=\"elementor-column elementor-col-33 elementor-top-column elementor-element elementor-element-70e7a84\" data-id=\"70e7a84\" data-element_type=\"column\">\n\t\t\t<div class=\"elementor-column-wrap\">\n\t\t\t\t\t\t\t<div class=\"elementor-widget-wrap\">\n\t\t\t\t\t\t\t\t<\/div>\n\t\t\t\t\t<\/div>\n\t\t<\/div>\n\t\t\t\t\t\t\t\t<\/div>\n\t\t\t\t\t<\/div>\n\t\t<\/section>\n\t\t\t\t<section class=\"elementor-section elementor-top-section elementor-element elementor-element-36502fd elementor-section-stretched animated-slow elementor-section-boxed elementor-section-height-default elementor-section-height-default elementor-invisible\" data-id=\"36502fd\" data-element_type=\"section\" data-settings=\"{&quot;stretch_section&quot;:&quot;section-stretched&quot;,&quot;background_background&quot;:&quot;classic&quot;,&quot;animation&quot;:&quot;fadeInUp&quot;}\">\n\t\t\t\t\t\t<div class=\"elementor-container elementor-column-gap-default\">\n\t\t\t\t\t\t\t<div class=\"elementor-row\">\n\t\t\t\t\t<div class=\"elementor-column elementor-col-33 elementor-top-column elementor-element elementor-element-8c73345\" data-id=\"8c73345\" data-element_type=\"column\">\n\t\t\t<div class=\"elementor-column-wrap\">\n\t\t\t\t\t\t\t<div class=\"elementor-widget-wrap\">\n\t\t\t\t\t\t\t\t<\/div>\n\t\t\t\t\t<\/div>\n\t\t<\/div>\n\t\t\t\t<div class=\"elementor-column elementor-col-33 elementor-top-column elementor-element elementor-element-92f8a65\" data-id=\"92f8a65\" data-element_type=\"column\">\n\t\t\t<div class=\"elementor-column-wrap elementor-element-populated\">\n\t\t\t\t\t\t\t<div class=\"elementor-widget-wrap\">\n\t\t\t\t\t\t<div class=\"elementor-element elementor-element-addff17 elementor-aspect-ratio-169 elementor-widget elementor-widget-video\" data-id=\"addff17\" data-element_type=\"widget\" data-settings=\"{&quot;youtube_url&quot;:&quot;https:\\\/\\\/www.youtube.com\\\/watch?v=Xj1QILar-rA&quot;,&quot;video_type&quot;:&quot;youtube&quot;,&quot;controls&quot;:&quot;yes&quot;,&quot;aspect_ratio&quot;:&quot;169&quot;}\" data-widget_type=\"video.default\">\n\t\t\t\t<div class=\"elementor-widget-container\">\n\t\t\t\t\t<div class=\"elementor-wrapper elementor-fit-aspect-ratio elementor-open-inline\">\n\t\t\t<div class=\"elementor-video\"><\/div>\t\t<\/div>\n\t\t\t\t<\/div>\n\t\t\t\t<\/div>\n\t\t\t\t\t\t<\/div>\n\t\t\t\t\t<\/div>\n\t\t<\/div>\n\t\t\t\t<div class=\"elementor-column elementor-col-33 elementor-top-column elementor-element elementor-element-3a8d462\" data-id=\"3a8d462\" data-element_type=\"column\">\n\t\t\t<div class=\"elementor-column-wrap\">\n\t\t\t\t\t\t\t<div class=\"elementor-widget-wrap\">\n\t\t\t\t\t\t\t\t<\/div>\n\t\t\t\t\t<\/div>\n\t\t<\/div>\n\t\t\t\t\t\t\t\t<\/div>\n\t\t\t\t\t<\/div>\n\t\t<\/section>\n\t\t\t\t\t\t\t\t\t<\/div>\n\t\t\t<\/div>\n\t\t\t\t\t<\/div>\n\t\t","protected":false},"excerpt":{"rendered":"<p>LIFE \u2013 Bridging the Gap Ett projekt f\u00f6r att bevara (och sammanl\u00e4nka) Sveriges unika eklandskap Ekar kan bli oerh\u00f6rt gamla och dess landskap bidrar till unika livsmilj\u00f6er f\u00f6r m\u00e4ngder av andra arter. Eklandskapet har f\u00e5, eller inga motsvarigheter. I Sverige har vi fortfarande ett levande och till stor del sammanl\u00e4nkat eklandskap, \u00e4ven om flera analyser [&hellip;]<\/p>\n","protected":false},"author":1,"featured_media":0,"parent":0,"menu_order":0,"comment_status":"closed","ping_status":"closed","template":"","meta":{"inline_featured_image":false},"yoast_head":"<!-- This site is optimized with the Yoast SEO plugin v19.3 - https:\/\/yoast.com\/wordpress\/plugins\/seo\/ -->\n<title>Om - Handbok<\/title>\n<meta name=\"robots\" content=\"index, follow, max-snippet:-1, max-image-preview:large, max-video-preview:-1\" \/>\n<link rel=\"canonical\" href=\"http:\/\/handbok.lifebridgingthegap.se\/om\/\" \/>\n<meta property=\"og:locale\" content=\"sv_SE\" \/>\n<meta property=\"og:type\" content=\"article\" \/>\n<meta property=\"og:title\" content=\"Om - Handbok\" \/>\n<meta property=\"og:description\" content=\"LIFE \u2013 Bridging the Gap Ett projekt f\u00f6r att bevara (och sammanl\u00e4nka) Sveriges unika eklandskap Ekar kan bli oerh\u00f6rt gamla och dess landskap bidrar till unika livsmilj\u00f6er f\u00f6r m\u00e4ngder av andra arter. Eklandskapet har f\u00e5, eller inga motsvarigheter. I Sverige har vi fortfarande ett levande och till stor del sammanl\u00e4nkat eklandskap, \u00e4ven om flera analyser [&hellip;]\" \/>\n<meta property=\"og:url\" content=\"http:\/\/handbok.lifebridgingthegap.se\/om\/\" \/>\n<meta property=\"og:site_name\" content=\"Handbok\" \/>\n<meta property=\"article:modified_time\" content=\"2021-04-14T07:34:07+00:00\" \/>\n<meta property=\"og:image\" content=\"http:\/\/handbok.lifebridgingthegap.se\/wp-content\/uploads\/2021\/02\/kossor-ekbacke-1024x901.jpg\" \/>\n<meta name=\"twitter:card\" content=\"summary_large_image\" \/>\n<meta name=\"twitter:label1\" content=\"Ber\u00e4knad l\u00e4stid\" \/>\n\t<meta name=\"twitter:data1\" content=\"2 minuter\" \/>\n<script type=\"application\/ld+json\" class=\"yoast-schema-graph\">{\"@context\":\"https:\/\/schema.org\",\"@graph\":[{\"@type\":\"Organization\",\"@id\":\"https:\/\/handbok.lifebridgingthegap.se\/#organization\",\"name\":\"Handbok\",\"url\":\"https:\/\/handbok.lifebridgingthegap.se\/\",\"sameAs\":[],\"logo\":{\"@type\":\"ImageObject\",\"inLanguage\":\"sv-SE\",\"@id\":\"https:\/\/handbok.lifebridgingthegap.se\/#\/schema\/logo\/image\/\",\"url\":\"https:\/\/handbok.lifebridgingthegap.se\/wp-content\/uploads\/2021\/02\/life-bridging-the-gap-logo.png\",\"contentUrl\":\"https:\/\/handbok.lifebridgingthegap.se\/wp-content\/uploads\/2021\/02\/life-bridging-the-gap-logo.png\",\"width\":1200,\"height\":240,\"caption\":\"Handbok\"},\"image\":{\"@id\":\"https:\/\/handbok.lifebridgingthegap.se\/#\/schema\/logo\/image\/\"}},{\"@type\":\"WebSite\",\"@id\":\"https:\/\/handbok.lifebridgingthegap.se\/#website\",\"url\":\"https:\/\/handbok.lifebridgingthegap.se\/\",\"name\":\"Handbok\",\"description\":\"Life bridging the gap\",\"publisher\":{\"@id\":\"https:\/\/handbok.lifebridgingthegap.se\/#organization\"},\"potentialAction\":[{\"@type\":\"SearchAction\",\"target\":{\"@type\":\"EntryPoint\",\"urlTemplate\":\"https:\/\/handbok.lifebridgingthegap.se\/?s={search_term_string}\"},\"query-input\":\"required name=search_term_string\"}],\"inLanguage\":\"sv-SE\"},{\"@type\":\"ImageObject\",\"inLanguage\":\"sv-SE\",\"@id\":\"http:\/\/handbok.lifebridgingthegap.se\/om\/#primaryimage\",\"url\":\"https:\/\/handbok.lifebridgingthegap.se\/wp-content\/uploads\/2021\/02\/kossor-ekbacke.jpg\",\"contentUrl\":\"https:\/\/handbok.lifebridgingthegap.se\/wp-content\/uploads\/2021\/02\/kossor-ekbacke.jpg\",\"width\":2045,\"height\":1800,\"caption\":\"Betande kossor i ekhage\"},{\"@type\":\"WebPage\",\"@id\":\"http:\/\/handbok.lifebridgingthegap.se\/om\/\",\"url\":\"http:\/\/handbok.lifebridgingthegap.se\/om\/\",\"name\":\"Om - Handbok\",\"isPartOf\":{\"@id\":\"https:\/\/handbok.lifebridgingthegap.se\/#website\"},\"primaryImageOfPage\":{\"@id\":\"http:\/\/handbok.lifebridgingthegap.se\/om\/#primaryimage\"},\"datePublished\":\"2021-02-23T13:55:29+00:00\",\"dateModified\":\"2021-04-14T07:34:07+00:00\",\"breadcrumb\":{\"@id\":\"http:\/\/handbok.lifebridgingthegap.se\/om\/#breadcrumb\"},\"inLanguage\":\"sv-SE\",\"potentialAction\":[{\"@type\":\"ReadAction\",\"target\":[\"http:\/\/handbok.lifebridgingthegap.se\/om\/\"]}]},{\"@type\":\"BreadcrumbList\",\"@id\":\"http:\/\/handbok.lifebridgingthegap.se\/om\/#breadcrumb\",\"itemListElement\":[{\"@type\":\"ListItem\",\"position\":1,\"name\":\"Om\"}]}]}<\/script>\n<!-- \/ Yoast SEO plugin. -->","yoast_head_json":{"title":"Om - Handbok","robots":{"index":"index","follow":"follow","max-snippet":"max-snippet:-1","max-image-preview":"max-image-preview:large","max-video-preview":"max-video-preview:-1"},"canonical":"http:\/\/handbok.lifebridgingthegap.se\/om\/","og_locale":"sv_SE","og_type":"article","og_title":"Om - Handbok","og_description":"LIFE \u2013 Bridging the Gap Ett projekt f\u00f6r att bevara (och sammanl\u00e4nka) Sveriges unika eklandskap Ekar kan bli oerh\u00f6rt gamla och dess landskap bidrar till unika livsmilj\u00f6er f\u00f6r m\u00e4ngder av andra arter. Eklandskapet har f\u00e5, eller inga motsvarigheter. I Sverige har vi fortfarande ett levande och till stor del sammanl\u00e4nkat eklandskap, \u00e4ven om flera analyser [&hellip;]","og_url":"http:\/\/handbok.lifebridgingthegap.se\/om\/","og_site_name":"Handbok","article_modified_time":"2021-04-14T07:34:07+00:00","og_image":[{"url":"http:\/\/handbok.lifebridgingthegap.se\/wp-content\/uploads\/2021\/02\/kossor-ekbacke-1024x901.jpg"}],"twitter_card":"summary_large_image","twitter_misc":{"Ber\u00e4knad l\u00e4stid":"2 minuter"},"schema":{"@context":"https:\/\/schema.org","@graph":[{"@type":"Organization","@id":"https:\/\/handbok.lifebridgingthegap.se\/#organization","name":"Handbok","url":"https:\/\/handbok.lifebridgingthegap.se\/","sameAs":[],"logo":{"@type":"ImageObject","inLanguage":"sv-SE","@id":"https:\/\/handbok.lifebridgingthegap.se\/#\/schema\/logo\/image\/","url":"https:\/\/handbok.lifebridgingthegap.se\/wp-content\/uploads\/2021\/02\/life-bridging-the-gap-logo.png","contentUrl":"https:\/\/handbok.lifebridgingthegap.se\/wp-content\/uploads\/2021\/02\/life-bridging-the-gap-logo.png","width":1200,"height":240,"caption":"Handbok"},"image":{"@id":"https:\/\/handbok.lifebridgingthegap.se\/#\/schema\/logo\/image\/"}},{"@type":"WebSite","@id":"https:\/\/handbok.lifebridgingthegap.se\/#website","url":"https:\/\/handbok.lifebridgingthegap.se\/","name":"Handbok","description":"Life bridging the gap","publisher":{"@id":"https:\/\/handbok.lifebridgingthegap.se\/#organization"},"potentialAction":[{"@type":"SearchAction","target":{"@type":"EntryPoint","urlTemplate":"https:\/\/handbok.lifebridgingthegap.se\/?s={search_term_string}"},"query-input":"required name=search_term_string"}],"inLanguage":"sv-SE"},{"@type":"ImageObject","inLanguage":"sv-SE","@id":"http:\/\/handbok.lifebridgingthegap.se\/om\/#primaryimage","url":"https:\/\/handbok.lifebridgingthegap.se\/wp-content\/uploads\/2021\/02\/kossor-ekbacke.jpg","contentUrl":"https:\/\/handbok.lifebridgingthegap.se\/wp-content\/uploads\/2021\/02\/kossor-ekbacke.jpg","width":2045,"height":1800,"caption":"Betande kossor i ekhage"},{"@type":"WebPage","@id":"http:\/\/handbok.lifebridgingthegap.se\/om\/","url":"http:\/\/handbok.lifebridgingthegap.se\/om\/","name":"Om - Handbok","isPartOf":{"@id":"https:\/\/handbok.lifebridgingthegap.se\/#website"},"primaryImageOfPage":{"@id":"http:\/\/handbok.lifebridgingthegap.se\/om\/#primaryimage"},"datePublished":"2021-02-23T13:55:29+00:00","dateModified":"2021-04-14T07:34:07+00:00","breadcrumb":{"@id":"http:\/\/handbok.lifebridgingthegap.se\/om\/#breadcrumb"},"inLanguage":"sv-SE","potentialAction":[{"@type":"ReadAction","target":["http:\/\/handbok.lifebridgingthegap.se\/om\/"]}]},{"@type":"BreadcrumbList","@id":"http:\/\/handbok.lifebridgingthegap.se\/om\/#breadcrumb","itemListElement":[{"@type":"ListItem","position":1,"name":"Om"}]}]}},"_links":{"self":[{"href":"https:\/\/handbok.lifebridgingthegap.se\/index.php?rest_route=\/wp\/v2\/pages\/686"}],"collection":[{"href":"https:\/\/handbok.lifebridgingthegap.se\/index.php?rest_route=\/wp\/v2\/pages"}],"about":[{"href":"https:\/\/handbok.lifebridgingthegap.se\/index.php?rest_route=\/wp\/v2\/types\/page"}],"author":[{"embeddable":true,"href":"https:\/\/handbok.lifebridgingthegap.se\/index.php?rest_route=\/wp\/v2\/users\/1"}],"replies":[{"embeddable":true,"href":"https:\/\/handbok.lifebridgingthegap.se\/index.php?rest_route=%2Fwp%2Fv2%2Fcomments&post=686"}],"version-history":[{"count":0,"href":"https:\/\/handbok.lifebridgingthegap.se\/index.php?rest_route=\/wp\/v2\/pages\/686\/revisions"}],"wp:attachment":[{"href":"https:\/\/handbok.lifebridgingthegap.se\/index.php?rest_route=%2Fwp%2Fv2%2Fmedia&parent=686"}],"curies":[{"name":"wp","href":"https:\/\/api.w.org\/{rel}","templated":true}]}}