{"id":688,"date":"2021-02-23T14:56:15","date_gmt":"2021-02-23T13:56:15","guid":{"rendered":"http:\/\/handbok.lifebridgingthegap.se\/?page_id=688"},"modified":"2021-02-23T15:31:23","modified_gmt":"2021-02-23T14:31:23","slug":"kontakt","status":"publish","type":"page","link":"https:\/\/handbok.lifebridgingthegap.se\/kontakt\/","title":{"rendered":"Kontakt"},"content":{"rendered":"\t\t<div data-elementor-type=\"wp-page\" data-elementor-id=\"688\" class=\"elementor elementor-688\">\n\t\t\t\t\t\t<div class=\"elementor-inner\">\n\t\t\t\t<div class=\"elementor-section-wrap\">\n\t\t\t\t\t\t\t\t\t<section class=\"elementor-section elementor-top-section elementor-element elementor-element-db6508b elementor-section-stretched elementor-section-boxed elementor-section-height-default elementor-section-height-default\" data-id=\"db6508b\" data-element_type=\"section\" data-settings=\"{&quot;stretch_section&quot;:&quot;section-stretched&quot;,&quot;background_background&quot;:&quot;classic&quot;}\">\n\t\t\t\t\t\t<div class=\"elementor-container elementor-column-gap-default\">\n\t\t\t\t\t\t\t<div class=\"elementor-row\">\n\t\t\t\t\t<div class=\"elementor-column elementor-col-33 elementor-top-column elementor-element elementor-element-9f67c84\" data-id=\"9f67c84\" data-element_type=\"column\">\n\t\t\t<div class=\"elementor-column-wrap\">\n\t\t\t\t\t\t\t<div class=\"elementor-widget-wrap\">\n\t\t\t\t\t\t\t\t<\/div>\n\t\t\t\t\t<\/div>\n\t\t<\/div>\n\t\t\t\t<div class=\"elementor-column elementor-col-33 elementor-top-column elementor-element elementor-element-75f0eda\" data-id=\"75f0eda\" data-element_type=\"column\">\n\t\t\t<div class=\"elementor-column-wrap elementor-element-populated\">\n\t\t\t\t\t\t\t<div class=\"elementor-widget-wrap\">\n\t\t\t\t\t\t<div class=\"elementor-element elementor-element-e124dae elementor-widget elementor-widget-text-editor\" data-id=\"e124dae\" data-element_type=\"widget\" data-widget_type=\"text-editor.default\">\n\t\t\t\t<div class=\"elementor-widget-container\">\n\t\t\t\t\t\t\t\t<div class=\"elementor-text-editor elementor-clearfix\">\n\t\t\t\t<h1>Kontakt<\/h1>\t\t\t\t\t<\/div>\n\t\t\t\t\t\t<\/div>\n\t\t\t\t<\/div>\n\t\t\t\t<section class=\"elementor-section elementor-inner-section elementor-element elementor-element-0a5cf14 elementor-section-boxed elementor-section-height-default elementor-section-height-default\" data-id=\"0a5cf14\" data-element_type=\"section\">\n\t\t\t\t\t\t<div class=\"elementor-container elementor-column-gap-default\">\n\t\t\t\t\t\t\t<div class=\"elementor-row\">\n\t\t\t\t\t<div class=\"elementor-column elementor-col-50 elementor-inner-column elementor-element elementor-element-74c3595\" data-id=\"74c3595\" data-element_type=\"column\">\n\t\t\t<div class=\"elementor-column-wrap elementor-element-populated\">\n\t\t\t\t\t\t\t<div class=\"elementor-widget-wrap\">\n\t\t\t\t\t\t<div class=\"elementor-element elementor-element-c96ed51 elementor-widget elementor-widget-text-editor\" data-id=\"c96ed51\" data-element_type=\"widget\" data-widget_type=\"text-editor.default\">\n\t\t\t\t<div class=\"elementor-widget-container\">\n\t\t\t\t\t\t\t\t<div class=\"elementor-text-editor elementor-clearfix\">\n\t\t\t\t<h3>Projektledare<\/h3><p>Carina Greiff<br \/>010-22 35 505<br \/><a href=\"mailto:carina.greiff@lansstyrelsen.se\">carina.greiff@lansstyrelsen.se<\/a><\/p>\t\t\t\t\t<\/div>\n\t\t\t\t\t\t<\/div>\n\t\t\t\t<\/div>\n\t\t\t\t\t\t<\/div>\n\t\t\t\t\t<\/div>\n\t\t<\/div>\n\t\t\t\t<div class=\"elementor-column elementor-col-50 elementor-inner-column elementor-element elementor-element-ed527b2\" data-id=\"ed527b2\" data-element_type=\"column\">\n\t\t\t<div class=\"elementor-column-wrap elementor-element-populated\">\n\t\t\t\t\t\t\t<div class=\"elementor-widget-wrap\">\n\t\t\t\t\t\t<div class=\"elementor-element elementor-element-a005a87 elementor-widget elementor-widget-text-editor\" data-id=\"a005a87\" data-element_type=\"widget\" data-widget_type=\"text-editor.default\">\n\t\t\t\t<div class=\"elementor-widget-container\">\n\t\t\t\t\t\t\t\t<div class=\"elementor-text-editor elementor-clearfix\">\n\t\t\t\t<h3>Projektekonom<\/h3><p class=\"p1\">Inger Sundblad<br \/>010-22 35 250<br \/><a href=\"mailto:inger.sundblad@lansstyrelsen.se\">inger.sundblad@lansstyrelsen.se<\/a><\/p>\t\t\t\t\t<\/div>\n\t\t\t\t\t\t<\/div>\n\t\t\t\t<\/div>\n\t\t\t\t\t\t<\/div>\n\t\t\t\t\t<\/div>\n\t\t<\/div>\n\t\t\t\t\t\t\t\t<\/div>\n\t\t\t\t\t<\/div>\n\t\t<\/section>\n\t\t\t\t<section class=\"elementor-section elementor-inner-section elementor-element elementor-element-1ac913c elementor-section-boxed elementor-section-height-default elementor-section-height-default\" data-id=\"1ac913c\" data-element_type=\"section\">\n\t\t\t\t\t\t<div class=\"elementor-container elementor-column-gap-default\">\n\t\t\t\t\t\t\t<div class=\"elementor-row\">\n\t\t\t\t\t<div class=\"elementor-column elementor-col-50 elementor-inner-column elementor-element elementor-element-f895b0b\" data-id=\"f895b0b\" data-element_type=\"column\">\n\t\t\t<div class=\"elementor-column-wrap elementor-element-populated\">\n\t\t\t\t\t\t\t<div class=\"elementor-widget-wrap\">\n\t\t\t\t\t\t<div class=\"elementor-element elementor-element-416efff elementor-widget elementor-widget-text-editor\" data-id=\"416efff\" data-element_type=\"widget\" data-widget_type=\"text-editor.default\">\n\t\t\t\t<div class=\"elementor-widget-container\">\n\t\t\t\t\t\t\t\t<div class=\"elementor-text-editor elementor-clearfix\">\n\t\t\t\t<h3>Regional projektledare Kalmar<\/h3><p>Charlotta Larsson <br \/>010-22 38 560<br \/><a href=\"mailto:charlotta.larsson@lansstyrelsen.se\">charlotta.larsson@lansstyrelsen.se<\/a><\/p>\t\t\t\t\t<\/div>\n\t\t\t\t\t\t<\/div>\n\t\t\t\t<\/div>\n\t\t\t\t\t\t<\/div>\n\t\t\t\t\t<\/div>\n\t\t<\/div>\n\t\t\t\t<div class=\"elementor-column elementor-col-50 elementor-inner-column elementor-element elementor-element-88f28c2\" data-id=\"88f28c2\" data-element_type=\"column\">\n\t\t\t<div class=\"elementor-column-wrap elementor-element-populated\">\n\t\t\t\t\t\t\t<div class=\"elementor-widget-wrap\">\n\t\t\t\t\t\t<div class=\"elementor-element elementor-element-7b6690a elementor-widget elementor-widget-text-editor\" data-id=\"7b6690a\" data-element_type=\"widget\" data-widget_type=\"text-editor.default\">\n\t\t\t\t<div class=\"elementor-widget-container\">\n\t\t\t\t\t\t\t\t<div class=\"elementor-text-editor elementor-clearfix\">\n\t\t\t\t<h3>Regional projektledare \u00d6sterg\u00f6tland<\/h3>\nFrida Nilsson\n010-22 35 380\n<a href=\"mailto:frida.m.nilsson@lansstyrelsen.se\">frida.m.nilsson@lansstyrelsen.se<\/a>\t\t\t\t\t<\/div>\n\t\t\t\t\t\t<\/div>\n\t\t\t\t<\/div>\n\t\t\t\t\t\t<\/div>\n\t\t\t\t\t<\/div>\n\t\t<\/div>\n\t\t\t\t\t\t\t\t<\/div>\n\t\t\t\t\t<\/div>\n\t\t<\/section>\n\t\t\t\t<section class=\"elementor-section elementor-inner-section elementor-element elementor-element-1217cfc elementor-section-boxed elementor-section-height-default elementor-section-height-default\" data-id=\"1217cfc\" data-element_type=\"section\">\n\t\t\t\t\t\t<div class=\"elementor-container elementor-column-gap-default\">\n\t\t\t\t\t\t\t<div class=\"elementor-row\">\n\t\t\t\t\t<div class=\"elementor-column elementor-col-50 elementor-inner-column elementor-element elementor-element-34551e0\" data-id=\"34551e0\" data-element_type=\"column\">\n\t\t\t<div class=\"elementor-column-wrap elementor-element-populated\">\n\t\t\t\t\t\t\t<div class=\"elementor-widget-wrap\">\n\t\t\t\t\t\t<div class=\"elementor-element elementor-element-0d89273 elementor-widget elementor-widget-text-editor\" data-id=\"0d89273\" data-element_type=\"widget\" data-widget_type=\"text-editor.default\">\n\t\t\t\t<div class=\"elementor-widget-container\">\n\t\t\t\t\t\t\t\t<div class=\"elementor-text-editor elementor-clearfix\">\n\t\t\t\t<h3>Regional projektledare Blekinge<\/h3><p>Jonas Warhammar <br \/>010-22 40 153<br \/><a href=\"mailto:jonas.warhammar@lansstyrelsen.se\">jonas.warhammar@lansstyrelsen.se<\/a><\/p>\t\t\t\t\t<\/div>\n\t\t\t\t\t\t<\/div>\n\t\t\t\t<\/div>\n\t\t\t\t\t\t<\/div>\n\t\t\t\t\t<\/div>\n\t\t<\/div>\n\t\t\t\t<div class=\"elementor-column elementor-col-50 elementor-inner-column elementor-element elementor-element-0196f55\" data-id=\"0196f55\" data-element_type=\"column\">\n\t\t\t<div class=\"elementor-column-wrap elementor-element-populated\">\n\t\t\t\t\t\t\t<div class=\"elementor-widget-wrap\">\n\t\t\t\t\t\t<div class=\"elementor-element elementor-element-af782f1 elementor-widget elementor-widget-text-editor\" data-id=\"af782f1\" data-element_type=\"widget\" data-widget_type=\"text-editor.default\">\n\t\t\t\t<div class=\"elementor-widget-container\">\n\t\t\t\t\t\t\t\t<div class=\"elementor-text-editor elementor-clearfix\">\n\t\t\t\t<h3>Regional projektledare \u00d6sterg\u00f6tland<\/h3><p>Anders J\u00f6rneskog <br \/>010-20 65 57<br \/><a href=\"mailto:anders.a.jarneskog@linkoping.se\">anders.a.jarneskog@linkoping.se<\/a><\/p>\t\t\t\t\t<\/div>\n\t\t\t\t\t\t<\/div>\n\t\t\t\t<\/div>\n\t\t\t\t\t\t<\/div>\n\t\t\t\t\t<\/div>\n\t\t<\/div>\n\t\t\t\t\t\t\t\t<\/div>\n\t\t\t\t\t<\/div>\n\t\t<\/section>\n\t\t\t\t\t\t<\/div>\n\t\t\t\t\t<\/div>\n\t\t<\/div>\n\t\t\t\t<div class=\"elementor-column elementor-col-33 elementor-top-column elementor-element elementor-element-2a6fcd0\" data-id=\"2a6fcd0\" data-element_type=\"column\">\n\t\t\t<div class=\"elementor-column-wrap\">\n\t\t\t\t\t\t\t<div class=\"elementor-widget-wrap\">\n\t\t\t\t\t\t\t\t<\/div>\n\t\t\t\t\t<\/div>\n\t\t<\/div>\n\t\t\t\t\t\t\t\t<\/div>\n\t\t\t\t\t<\/div>\n\t\t<\/section>\n\t\t\t\t\t\t\t\t\t<\/div>\n\t\t\t<\/div>\n\t\t\t\t\t<\/div>\n\t\t","protected":false},"excerpt":{"rendered":"<p>Kontakt Projektledare Carina Greiff010-22 35 505carina.greiff@lansstyrelsen.se Projektekonom Inger Sundblad010-22 35 250inger.sundblad@lansstyrelsen.se Regional projektledare Kalmar Charlotta Larsson 010-22 38 560charlotta.larsson@lansstyrelsen.se Regional projektledare \u00d6sterg\u00f6tland Frida Nilsson 010-22 35 380 frida.m.nilsson@lansstyrelsen.se Regional projektledare Blekinge Jonas Warhammar 010-22 40 153jonas.warhammar@lansstyrelsen.se Regional projektledare \u00d6sterg\u00f6tland Anders J\u00f6rneskog 010-20 65 57anders.a.jarneskog@linkoping.se<\/p>\n","protected":false},"author":1,"featured_media":0,"parent":0,"menu_order":0,"comment_status":"closed","ping_status":"closed","template":"","meta":{"inline_featured_image":false},"yoast_head":"<!-- This site is optimized with the Yoast SEO plugin v19.3 - https:\/\/yoast.com\/wordpress\/plugins\/seo\/ -->\n<title>Kontakt - Handbok<\/title>\n<meta name=\"robots\" content=\"index, follow, max-snippet:-1, max-image-preview:large, max-video-preview:-1\" \/>\n<link rel=\"canonical\" href=\"https:\/\/handbok.lifebridgingthegap.se\/kontakt\/\" \/>\n<meta property=\"og:locale\" content=\"sv_SE\" \/>\n<meta property=\"og:type\" content=\"article\" \/>\n<meta property=\"og:title\" content=\"Kontakt - Handbok\" \/>\n<meta property=\"og:description\" content=\"Kontakt Projektledare Carina Greiff010-22 35 505carina.greiff@lansstyrelsen.se Projektekonom Inger Sundblad010-22 35 250inger.sundblad@lansstyrelsen.se Regional projektledare Kalmar Charlotta Larsson 010-22 38 560charlotta.larsson@lansstyrelsen.se Regional projektledare \u00d6sterg\u00f6tland Frida Nilsson 010-22 35 380 frida.m.nilsson@lansstyrelsen.se Regional projektledare Blekinge Jonas Warhammar 010-22 40 153jonas.warhammar@lansstyrelsen.se Regional projektledare \u00d6sterg\u00f6tland Anders J\u00f6rneskog 010-20 65 57anders.a.jarneskog@linkoping.se\" \/>\n<meta property=\"og:url\" content=\"https:\/\/handbok.lifebridgingthegap.se\/kontakt\/\" \/>\n<meta property=\"og:site_name\" content=\"Handbok\" \/>\n<meta property=\"article:modified_time\" content=\"2021-02-23T14:31:23+00:00\" \/>\n<meta name=\"twitter:card\" content=\"summary_large_image\" \/>\n<meta name=\"twitter:label1\" content=\"Ber\u00e4knad l\u00e4stid\" \/>\n\t<meta name=\"twitter:data1\" content=\"1 minut\" \/>\n<script type=\"application\/ld+json\" class=\"yoast-schema-graph\">{\"@context\":\"https:\/\/schema.org\",\"@graph\":[{\"@type\":\"Organization\",\"@id\":\"https:\/\/handbok.lifebridgingthegap.se\/#organization\",\"name\":\"Handbok\",\"url\":\"https:\/\/handbok.lifebridgingthegap.se\/\",\"sameAs\":[],\"logo\":{\"@type\":\"ImageObject\",\"inLanguage\":\"sv-SE\",\"@id\":\"https:\/\/handbok.lifebridgingthegap.se\/#\/schema\/logo\/image\/\",\"url\":\"https:\/\/handbok.lifebridgingthegap.se\/wp-content\/uploads\/2021\/02\/life-bridging-the-gap-logo.png\",\"contentUrl\":\"https:\/\/handbok.lifebridgingthegap.se\/wp-content\/uploads\/2021\/02\/life-bridging-the-gap-logo.png\",\"width\":1200,\"height\":240,\"caption\":\"Handbok\"},\"image\":{\"@id\":\"https:\/\/handbok.lifebridgingthegap.se\/#\/schema\/logo\/image\/\"}},{\"@type\":\"WebSite\",\"@id\":\"https:\/\/handbok.lifebridgingthegap.se\/#website\",\"url\":\"https:\/\/handbok.lifebridgingthegap.se\/\",\"name\":\"Handbok\",\"description\":\"Life bridging the gap\",\"publisher\":{\"@id\":\"https:\/\/handbok.lifebridgingthegap.se\/#organization\"},\"potentialAction\":[{\"@type\":\"SearchAction\",\"target\":{\"@type\":\"EntryPoint\",\"urlTemplate\":\"https:\/\/handbok.lifebridgingthegap.se\/?s={search_term_string}\"},\"query-input\":\"required name=search_term_string\"}],\"inLanguage\":\"sv-SE\"},{\"@type\":\"WebPage\",\"@id\":\"https:\/\/handbok.lifebridgingthegap.se\/kontakt\/\",\"url\":\"https:\/\/handbok.lifebridgingthegap.se\/kontakt\/\",\"name\":\"Kontakt - Handbok\",\"isPartOf\":{\"@id\":\"https:\/\/handbok.lifebridgingthegap.se\/#website\"},\"datePublished\":\"2021-02-23T13:56:15+00:00\",\"dateModified\":\"2021-02-23T14:31:23+00:00\",\"breadcrumb\":{\"@id\":\"https:\/\/handbok.lifebridgingthegap.se\/kontakt\/#breadcrumb\"},\"inLanguage\":\"sv-SE\",\"potentialAction\":[{\"@type\":\"ReadAction\",\"target\":[\"https:\/\/handbok.lifebridgingthegap.se\/kontakt\/\"]}]},{\"@type\":\"BreadcrumbList\",\"@id\":\"https:\/\/handbok.lifebridgingthegap.se\/kontakt\/#breadcrumb\",\"itemListElement\":[{\"@type\":\"ListItem\",\"position\":1,\"name\":\"Kontakt\"}]}]}<\/script>\n<!-- \/ Yoast SEO plugin. -->","yoast_head_json":{"title":"Kontakt - Handbok","robots":{"index":"index","follow":"follow","max-snippet":"max-snippet:-1","max-image-preview":"max-image-preview:large","max-video-preview":"max-video-preview:-1"},"canonical":"https:\/\/handbok.lifebridgingthegap.se\/kontakt\/","og_locale":"sv_SE","og_type":"article","og_title":"Kontakt - Handbok","og_description":"Kontakt Projektledare Carina Greiff010-22 35 505carina.greiff@lansstyrelsen.se Projektekonom Inger Sundblad010-22 35 250inger.sundblad@lansstyrelsen.se Regional projektledare Kalmar Charlotta Larsson 010-22 38 560charlotta.larsson@lansstyrelsen.se Regional projektledare \u00d6sterg\u00f6tland Frida Nilsson 010-22 35 380 frida.m.nilsson@lansstyrelsen.se Regional projektledare Blekinge Jonas Warhammar 010-22 40 153jonas.warhammar@lansstyrelsen.se Regional projektledare \u00d6sterg\u00f6tland Anders J\u00f6rneskog 010-20 65 57anders.a.jarneskog@linkoping.se","og_url":"https:\/\/handbok.lifebridgingthegap.se\/kontakt\/","og_site_name":"Handbok","article_modified_time":"2021-02-23T14:31:23+00:00","twitter_card":"summary_large_image","twitter_misc":{"Ber\u00e4knad l\u00e4stid":"1 minut"},"schema":{"@context":"https:\/\/schema.org","@graph":[{"@type":"Organization","@id":"https:\/\/handbok.lifebridgingthegap.se\/#organization","name":"Handbok","url":"https:\/\/handbok.lifebridgingthegap.se\/","sameAs":[],"logo":{"@type":"ImageObject","inLanguage":"sv-SE","@id":"https:\/\/handbok.lifebridgingthegap.se\/#\/schema\/logo\/image\/","url":"https:\/\/handbok.lifebridgingthegap.se\/wp-content\/uploads\/2021\/02\/life-bridging-the-gap-logo.png","contentUrl":"https:\/\/handbok.lifebridgingthegap.se\/wp-content\/uploads\/2021\/02\/life-bridging-the-gap-logo.png","width":1200,"height":240,"caption":"Handbok"},"image":{"@id":"https:\/\/handbok.lifebridgingthegap.se\/#\/schema\/logo\/image\/"}},{"@type":"WebSite","@id":"https:\/\/handbok.lifebridgingthegap.se\/#website","url":"https:\/\/handbok.lifebridgingthegap.se\/","name":"Handbok","description":"Life bridging the gap","publisher":{"@id":"https:\/\/handbok.lifebridgingthegap.se\/#organization"},"potentialAction":[{"@type":"SearchAction","target":{"@type":"EntryPoint","urlTemplate":"https:\/\/handbok.lifebridgingthegap.se\/?s={search_term_string}"},"query-input":"required name=search_term_string"}],"inLanguage":"sv-SE"},{"@type":"WebPage","@id":"https:\/\/handbok.lifebridgingthegap.se\/kontakt\/","url":"https:\/\/handbok.lifebridgingthegap.se\/kontakt\/","name":"Kontakt - Handbok","isPartOf":{"@id":"https:\/\/handbok.lifebridgingthegap.se\/#website"},"datePublished":"2021-02-23T13:56:15+00:00","dateModified":"2021-02-23T14:31:23+00:00","breadcrumb":{"@id":"https:\/\/handbok.lifebridgingthegap.se\/kontakt\/#breadcrumb"},"inLanguage":"sv-SE","potentialAction":[{"@type":"ReadAction","target":["https:\/\/handbok.lifebridgingthegap.se\/kontakt\/"]}]},{"@type":"BreadcrumbList","@id":"https:\/\/handbok.lifebridgingthegap.se\/kontakt\/#breadcrumb","itemListElement":[{"@type":"ListItem","position":1,"name":"Kontakt"}]}]}},"_links":{"self":[{"href":"https:\/\/handbok.lifebridgingthegap.se\/index.php?rest_route=\/wp\/v2\/pages\/688"}],"collection":[{"href":"https:\/\/handbok.lifebridgingthegap.se\/index.php?rest_route=\/wp\/v2\/pages"}],"about":[{"href":"https:\/\/handbok.lifebridgingthegap.se\/index.php?rest_route=\/wp\/v2\/types\/page"}],"author":[{"embeddable":true,"href":"https:\/\/handbok.lifebridgingthegap.se\/index.php?rest_route=\/wp\/v2\/users\/1"}],"replies":[{"embeddable":true,"href":"https:\/\/handbok.lifebridgingthegap.se\/index.php?rest_route=%2Fwp%2Fv2%2Fcomments&post=688"}],"version-history":[{"count":0,"href":"https:\/\/handbok.lifebridgingthegap.se\/index.php?rest_route=\/wp\/v2\/pages\/688\/revisions"}],"wp:attachment":[{"href":"https:\/\/handbok.lifebridgingthegap.se\/index.php?rest_route=%2Fwp%2Fv2%2Fmedia&parent=688"}],"curies":[{"name":"wp","href":"https:\/\/api.w.org\/{rel}","templated":true}]}}